{"id":29471,"date":"2024-04-19T15:11:42","date_gmt":"2024-04-19T19:11:42","guid":{"rendered":"https:\/\/staging.lucasoil.mx\/specialty-marine\/"},"modified":"2024-10-11T15:28:54","modified_gmt":"2024-10-11T19:28:54","slug":"specialty-marine","status":"publish","type":"page","link":"https:\/\/staging.lucasoil.mx\/es\/specialty-marine\/","title":{"rendered":"Specialty: Marine"},"content":{"rendered":"\n<h2 class=\"gb-headline gb-headline-31aad6ec gb-headline-text\">PRODUCTOS MARINOS<\/h2>\n\n<p>Prep\u00e1rese para disfrutar actividades acu\u00e1ticas con nuestra amplia gama de productos marinos de calidad superior, incluyendo aceites, aditivos y productos de apariencia. Los productos de Lucas est\u00e1n espec\u00edficamente dise\u00f1ados para optimizar el rendimiento y la protecci\u00f3n en entornos marinos. Fabricamos meticulosamente aceites y aditivos para combustible superiores para mantener sus embarcaciones en perfectas condiciones de funcionamiento. <\/p>\n","protected":false},"excerpt":{"rendered":"<p>PRODUCTOS MARINOS Prep\u00e1rese para disfrutar actividades acu\u00e1ticas con nuestra amplia gama de productos marinos de calidad superior, incluyendo aceites, aditivos y productos de apariencia. Los productos de Lucas est\u00e1n espec\u00edficamente dise\u00f1ados para optimizar el rendimiento y la protecci\u00f3n en entornos marinos. Fabricamos meticulosamente aceites y aditivos para combustible superiores para mantener sus embarcaciones en perfectas [&hellip;]<\/p>\n","protected":false},"author":1,"featured_media":0,"parent":0,"menu_order":0,"comment_status":"closed","ping_status":"closed","template":"lifestyle-marine.php","meta":{"_acf_changed":false,"footnotes":""},"class_list":["post-29471","page","type-page","status-publish","hentry"],"acf":[],"_links":{"self":[{"href":"https:\/\/staging.lucasoil.mx\/es\/wp-json\/wp\/v2\/pages\/29471","targetHints":{"allow":["GET"]}}],"collection":[{"href":"https:\/\/staging.lucasoil.mx\/es\/wp-json\/wp\/v2\/pages"}],"about":[{"href":"https:\/\/staging.lucasoil.mx\/es\/wp-json\/wp\/v2\/types\/page"}],"author":[{"embeddable":true,"href":"https:\/\/staging.lucasoil.mx\/es\/wp-json\/wp\/v2\/users\/1"}],"replies":[{"embeddable":true,"href":"https:\/\/staging.lucasoil.mx\/es\/wp-json\/wp\/v2\/comments?post=29471"}],"version-history":[{"count":1,"href":"https:\/\/staging.lucasoil.mx\/es\/wp-json\/wp\/v2\/pages\/29471\/revisions"}],"predecessor-version":[{"id":29472,"href":"https:\/\/staging.lucasoil.mx\/es\/wp-json\/wp\/v2\/pages\/29471\/revisions\/29472"}],"wp:attachment":[{"href":"https:\/\/staging.lucasoil.mx\/es\/wp-json\/wp\/v2\/media?parent=29471"}],"curies":[{"name":"wp","href":"https:\/\/api.w.org\/{rel}","templated":true}]}}