{"id":29459,"date":"2024-04-18T16:19:24","date_gmt":"2024-04-18T20:19:24","guid":{"rendered":"https:\/\/staging.lucasoil.mx\/category-grease\/"},"modified":"2024-10-11T11:26:46","modified_gmt":"2024-10-11T15:26:46","slug":"category-grease","status":"publish","type":"page","link":"https:\/\/staging.lucasoil.mx\/es\/category-grease\/","title":{"rendered":"Category: Grease"},"content":{"rendered":"\n<h2 class=\"wp-block-heading\">GRASA<\/h2>\n\n<p>Nuestra grasa de calidad superior ofrece protecci\u00f3n excepcional y rendimiento duradero para brindar operaciones m\u00e1s suaves y reducir la fricci\u00f3n. Nuestras f\u00f3rmulas est\u00e1n fortificadas con agentes antidesgaste e inhibidores de la corrosi\u00f3n y oxidaci\u00f3n para brindar una resistencia al agua superior. Conf\u00ede en Lucas para mantener su maquinaria en perfectas condiciones de funcionamiento, evitar el desgaste y prolongar la vida \u00fatil de su equipo. <\/p>\n","protected":false},"excerpt":{"rendered":"<p>GRASA Nuestra grasa de calidad superior ofrece protecci\u00f3n excepcional y rendimiento duradero para brindar operaciones m\u00e1s suaves y reducir la fricci\u00f3n. Nuestras f\u00f3rmulas est\u00e1n fortificadas con agentes antidesgaste e inhibidores de la corrosi\u00f3n y oxidaci\u00f3n para brindar una resistencia al agua superior. Conf\u00ede en Lucas para mantener su maquinaria en perfectas condiciones de funcionamiento, evitar [&hellip;]<\/p>\n","protected":false},"author":1,"featured_media":0,"parent":0,"menu_order":0,"comment_status":"closed","ping_status":"closed","template":"category-grease.php","meta":{"_acf_changed":false,"footnotes":""},"class_list":["post-29459","page","type-page","status-publish","hentry"],"acf":[],"_links":{"self":[{"href":"https:\/\/staging.lucasoil.mx\/es\/wp-json\/wp\/v2\/pages\/29459","targetHints":{"allow":["GET"]}}],"collection":[{"href":"https:\/\/staging.lucasoil.mx\/es\/wp-json\/wp\/v2\/pages"}],"about":[{"href":"https:\/\/staging.lucasoil.mx\/es\/wp-json\/wp\/v2\/types\/page"}],"author":[{"embeddable":true,"href":"https:\/\/staging.lucasoil.mx\/es\/wp-json\/wp\/v2\/users\/1"}],"replies":[{"embeddable":true,"href":"https:\/\/staging.lucasoil.mx\/es\/wp-json\/wp\/v2\/comments?post=29459"}],"version-history":[{"count":1,"href":"https:\/\/staging.lucasoil.mx\/es\/wp-json\/wp\/v2\/pages\/29459\/revisions"}],"predecessor-version":[{"id":29460,"href":"https:\/\/staging.lucasoil.mx\/es\/wp-json\/wp\/v2\/pages\/29459\/revisions\/29460"}],"wp:attachment":[{"href":"https:\/\/staging.lucasoil.mx\/es\/wp-json\/wp\/v2\/media?parent=29459"}],"curies":[{"name":"wp","href":"https:\/\/api.w.org\/{rel}","templated":true}]}}