{"id":29447,"date":"2024-04-18T12:36:52","date_gmt":"2024-04-18T16:36:52","guid":{"rendered":"https:\/\/staging.lucasoil.mx\/category-engine-builder-lubricants\/"},"modified":"2024-10-11T11:22:36","modified_gmt":"2024-10-11T15:22:36","slug":"category-engine-builder-lubricants","status":"publish","type":"page","link":"https:\/\/staging.lucasoil.mx\/es\/category-engine-builder-lubricants\/","title":{"rendered":"Category: Engine Builder Lubricants"},"content":{"rendered":"\n<h2 class=\"gb-headline gb-headline-f95c103c gb-headline-text\">LUBRICANTES PARA CONSTRUCCI\u00d3N DE MOTORES<\/h2>\n\n<p>Los lubricantes de Lucas est\u00e1n espec\u00edficamente dise\u00f1ados para reducir la fricci\u00f3n, el desgaste y el sobrecalentamiento y brindan una protecci\u00f3n excepcional a los componentes cr\u00edticos de su motor. Nuestros productos son perfectos para construir nuevos motores, engrasar rodamientos, elevadores y v\u00e1lvulas y brindan extraordinaria protecci\u00f3n durante el arranque a las partes del motor con tolerancias estrictas. <\/p>\n","protected":false},"excerpt":{"rendered":"<p>LUBRICANTES PARA CONSTRUCCI\u00d3N DE MOTORES Los lubricantes de Lucas est\u00e1n espec\u00edficamente dise\u00f1ados para reducir la fricci\u00f3n, el desgaste y el sobrecalentamiento y brindan una protecci\u00f3n excepcional a los componentes cr\u00edticos de su motor. Nuestros productos son perfectos para construir nuevos motores, engrasar rodamientos, elevadores y v\u00e1lvulas y brindan extraordinaria protecci\u00f3n durante el arranque a las [&hellip;]<\/p>\n","protected":false},"author":1,"featured_media":0,"parent":0,"menu_order":0,"comment_status":"closed","ping_status":"closed","template":"category-engine-builder-lubricants.php","meta":{"_acf_changed":false,"footnotes":""},"class_list":["post-29447","page","type-page","status-publish","hentry"],"acf":[],"_links":{"self":[{"href":"https:\/\/staging.lucasoil.mx\/es\/wp-json\/wp\/v2\/pages\/29447","targetHints":{"allow":["GET"]}}],"collection":[{"href":"https:\/\/staging.lucasoil.mx\/es\/wp-json\/wp\/v2\/pages"}],"about":[{"href":"https:\/\/staging.lucasoil.mx\/es\/wp-json\/wp\/v2\/types\/page"}],"author":[{"embeddable":true,"href":"https:\/\/staging.lucasoil.mx\/es\/wp-json\/wp\/v2\/users\/1"}],"replies":[{"embeddable":true,"href":"https:\/\/staging.lucasoil.mx\/es\/wp-json\/wp\/v2\/comments?post=29447"}],"version-history":[{"count":1,"href":"https:\/\/staging.lucasoil.mx\/es\/wp-json\/wp\/v2\/pages\/29447\/revisions"}],"predecessor-version":[{"id":29448,"href":"https:\/\/staging.lucasoil.mx\/es\/wp-json\/wp\/v2\/pages\/29447\/revisions\/29448"}],"wp:attachment":[{"href":"https:\/\/staging.lucasoil.mx\/es\/wp-json\/wp\/v2\/media?parent=29447"}],"curies":[{"name":"wp","href":"https:\/\/api.w.org\/{rel}","templated":true}]}}