{"id":29443,"date":"2024-04-18T12:17:03","date_gmt":"2024-04-18T16:17:03","guid":{"rendered":"https:\/\/staging.lucasoil.mx\/category-all-products\/"},"modified":"2024-10-11T11:21:12","modified_gmt":"2024-10-11T15:21:12","slug":"category-all-products","status":"publish","type":"page","link":"https:\/\/staging.lucasoil.mx\/es\/category-all-products\/","title":{"rendered":"Category: All Products"},"content":{"rendered":"\n<h2 class=\"gb-headline gb-headline-e0b25bca gb-headline-text\">TODOS LOS PRODUCTOS<\/h2>\n\n<p>Descubra el poder, rendimiento y confiabilidad de los productos de Lucas Oil. Los equipos de carreras automovil\u00edsticas, mec\u00e1nicos, conductores de camiones, propietarios de autos cl\u00e1sicos, agricultores, operadores de maquinaria industrial y las familias alrededor del mundo conf\u00edan en Lucas para seguir prosperando de manera confiable gracias a sus tratamientos para combustible, aditivos de aceite y otros productos de calidad superior que les permiten proteger sus motores, optimizar su rendimiento y aumentar su eficiencia. <\/p>\n","protected":false},"excerpt":{"rendered":"<p>TODOS LOS PRODUCTOS Descubra el poder, rendimiento y confiabilidad de los productos de Lucas Oil. Los equipos de carreras automovil\u00edsticas, mec\u00e1nicos, conductores de camiones, propietarios de autos cl\u00e1sicos, agricultores, operadores de maquinaria industrial y las familias alrededor del mundo conf\u00edan en Lucas para seguir prosperando de manera confiable gracias a sus tratamientos para combustible, aditivos [&hellip;]<\/p>\n","protected":false},"author":1,"featured_media":0,"parent":0,"menu_order":0,"comment_status":"closed","ping_status":"closed","template":"category-all.php","meta":{"_acf_changed":false,"footnotes":""},"class_list":["post-29443","page","type-page","status-publish","hentry"],"acf":[],"_links":{"self":[{"href":"https:\/\/staging.lucasoil.mx\/es\/wp-json\/wp\/v2\/pages\/29443","targetHints":{"allow":["GET"]}}],"collection":[{"href":"https:\/\/staging.lucasoil.mx\/es\/wp-json\/wp\/v2\/pages"}],"about":[{"href":"https:\/\/staging.lucasoil.mx\/es\/wp-json\/wp\/v2\/types\/page"}],"author":[{"embeddable":true,"href":"https:\/\/staging.lucasoil.mx\/es\/wp-json\/wp\/v2\/users\/1"}],"replies":[{"embeddable":true,"href":"https:\/\/staging.lucasoil.mx\/es\/wp-json\/wp\/v2\/comments?post=29443"}],"version-history":[{"count":1,"href":"https:\/\/staging.lucasoil.mx\/es\/wp-json\/wp\/v2\/pages\/29443\/revisions"}],"predecessor-version":[{"id":29444,"href":"https:\/\/staging.lucasoil.mx\/es\/wp-json\/wp\/v2\/pages\/29443\/revisions\/29444"}],"wp:attachment":[{"href":"https:\/\/staging.lucasoil.mx\/es\/wp-json\/wp\/v2\/media?parent=29443"}],"curies":[{"name":"wp","href":"https:\/\/api.w.org\/{rel}","templated":true}]}}