{"id":29441,"date":"2024-04-15T10:09:27","date_gmt":"2024-04-15T14:09:27","guid":{"rendered":"https:\/\/staging.lucasoil.mx\/category-2-cycle\/"},"modified":"2024-10-11T11:20:21","modified_gmt":"2024-10-11T15:20:21","slug":"category-2-cycle","status":"publish","type":"page","link":"https:\/\/staging.lucasoil.mx\/es\/category-2-cycle\/","title":{"rendered":"Category: 2-Cycle"},"content":{"rendered":"\n<h2 class=\"gb-headline gb-headline-425c22cd gb-headline-text\">ACEITE PARA MOTORES DE 2 TIEMPOS<\/h2>\n\n<p>Los aceites para motores de 2 tiempos de Lucas son el complemento perfecto para optimizar el desempe\u00f1o de motocicletas, veh\u00edculos todoterreno, karts, embarcaciones, motores fuera de borda, equipo de jardiner\u00eda y cualquier otro motor de 2 tiempos. Nuestros productos ofrecen lubricaci\u00f3n superior, reducen el humo y extienden la vida \u00fatil de sus equipos. <\/p>\n","protected":false},"excerpt":{"rendered":"<p>ACEITE PARA MOTORES DE 2 TIEMPOS Los aceites para motores de 2 tiempos de Lucas son el complemento perfecto para optimizar el desempe\u00f1o de motocicletas, veh\u00edculos todoterreno, karts, embarcaciones, motores fuera de borda, equipo de jardiner\u00eda y cualquier otro motor de 2 tiempos. Nuestros productos ofrecen lubricaci\u00f3n superior, reducen el humo y extienden la vida [&hellip;]<\/p>\n","protected":false},"author":1,"featured_media":0,"parent":0,"menu_order":0,"comment_status":"closed","ping_status":"closed","template":"category-2-cycle.php","meta":{"_acf_changed":false,"footnotes":""},"class_list":["post-29441","page","type-page","status-publish","hentry"],"acf":[],"_links":{"self":[{"href":"https:\/\/staging.lucasoil.mx\/es\/wp-json\/wp\/v2\/pages\/29441","targetHints":{"allow":["GET"]}}],"collection":[{"href":"https:\/\/staging.lucasoil.mx\/es\/wp-json\/wp\/v2\/pages"}],"about":[{"href":"https:\/\/staging.lucasoil.mx\/es\/wp-json\/wp\/v2\/types\/page"}],"author":[{"embeddable":true,"href":"https:\/\/staging.lucasoil.mx\/es\/wp-json\/wp\/v2\/users\/1"}],"replies":[{"embeddable":true,"href":"https:\/\/staging.lucasoil.mx\/es\/wp-json\/wp\/v2\/comments?post=29441"}],"version-history":[{"count":1,"href":"https:\/\/staging.lucasoil.mx\/es\/wp-json\/wp\/v2\/pages\/29441\/revisions"}],"predecessor-version":[{"id":29442,"href":"https:\/\/staging.lucasoil.mx\/es\/wp-json\/wp\/v2\/pages\/29441\/revisions\/29442"}],"wp:attachment":[{"href":"https:\/\/staging.lucasoil.mx\/es\/wp-json\/wp\/v2\/media?parent=29441"}],"curies":[{"name":"wp","href":"https:\/\/api.w.org\/{rel}","templated":true}]}}